{"id":2,"date":"2021-07-07T19:36:10","date_gmt":"2021-07-07T17:36:10","guid":{"rendered":"https:\/\/www.transportation.cz\/?page_id=2"},"modified":"2026-02-11T11:31:35","modified_gmt":"2026-02-11T10:31:35","slug":"zkusebni-stranka","status":"publish","type":"page","link":"https:\/\/www.limoprag.com\/","title":{"rendered":"LimoPrag"},"content":{"rendered":"<div id=\"metaslider-id-125\" style=\"width: 100%;\" class=\"ml-slider-3-33-0 metaslider metaslider-flex metaslider-125 ml-slider ms-theme-default\" role=\"region\" aria-roledescription=\"Slideshow\" aria-label=\"New Slideshow\">\n    <div id=\"metaslider_container_125\">\n        <div id=\"metaslider_125\">\n            <ul aria-live=\"polite\" class=\"slides\">\n                <li style=\"display: block; width: 100%;\" class=\"slide-131 ms-image\" aria-roledescription=\"slide\" aria-label=\"slide-131\"><img loading=\"lazy\" decoding=\"async\" src=\"https:\/\/www.limoprag.com\/wp-content\/uploads\/2021\/08\/emblem-4113111_1920-700x340.jpg\" height=\"340\" width=\"700\" alt=\"\" class=\"slider-125 slide-131\" title=\"emblem-4113111_1920\" \/><div class=\"caption-wrap\"><div class=\"caption\">Na\u0161i \u0159idi\u010di jsou v\u017edy bezvadn\u011b oble\u010deni v ko\u0161ili, kravat\u011b a tmav\u00e9m obleku a py\u0161n\u00ed se svou dochvilnost\u00ed a profesionalitou. <\/div><\/div><\/li>\n                <li style=\"display: none; width: 100%;\" class=\"slide-127 ms-image\" aria-roledescription=\"slide\" aria-label=\"slide-127\"><img loading=\"lazy\" decoding=\"async\" src=\"https:\/\/www.limoprag.com\/wp-content\/uploads\/2021\/08\/cesky-krumlov-3557917_1920-700x340.jpg\" height=\"340\" width=\"700\" alt=\"\" class=\"slider-125 slide-127\" title=\"cesky-krumlov-3557917_1920\" \/><div class=\"caption-wrap\"><div class=\"caption\">U\u017eijte si okru\u017en\u00ed j\u00edzdy po Praze a \u010cesk\u00e9 republice z pohodl\u00ed auta s \u0159idi\u010dem. Poskytujeme maxim\u00e1ln\u00ed z\u00e1\u017eitek v luxusn\u00edch automobilech pro p\u00e1ry, rodiny i skupiny.<\/div><\/div><\/li>\n                <li style=\"display: none; width: 100%;\" class=\"slide-129 ms-image\" aria-roledescription=\"slide\" aria-label=\"slide-129\"><img loading=\"lazy\" decoding=\"async\" src=\"https:\/\/www.limoprag.com\/wp-content\/uploads\/2021\/08\/wedding-2954545_1920-700x340.jpg\" height=\"340\" width=\"700\" alt=\"\" class=\"slider-125 slide-129\" title=\"wedding-2954545_1920\" \/><div class=\"caption-wrap\"><div class=\"caption\">A\u0165 u\u017e si rezervujete jen jedno svatebn\u00ed auto pro \u0161\u0165astn\u00fd p\u00e1r nebo vozidlo pro v\u00edce svatebn\u00edch host\u016f, ka\u017ed\u00e9ho doprav\u00edme na m\u00edsto v\u010das a budete se c\u00edtit jako hv\u011bzdy.<\/div><\/div><\/li>\n            <\/ul>\n        <\/div>\n        \n    <\/div>\n<\/div>\n\n\n\n<div class=\"wp-block-columns is-layout-flex wp-container-core-columns-is-layout-9d6595d7 wp-block-columns-is-layout-flex\">\n<div class=\"wp-block-column is-layout-flow wp-block-column-is-layout-flow\">\n<p class=\"toptext\">Pohybujeme se v\u00a0oblasti p\u0159epravy osob ji\u017e od roku 2006, tyto mnohalet\u00e9 zku\u0161enosti p\u0159en\u00e1\u0161\u00edme do pr\u00e1ce, kter\u00e1 n\u00e1s bav\u00ed. Zajist\u00edme pro V\u00e1s profesion\u00e1ln\u00ed slu\u017eby se kter\u00fdmi bude spokojeni. Na\u0161i profesion\u00e1ln\u00ed \u0159idi\u010di V\u00e1s r\u00e1di odvezou v\u0161ude kam jen to bude mo\u017en\u00e9. <\/p>\n<\/div>\n\n\n\n<div class=\"wp-block-column is-layout-flow wp-block-column-is-layout-flow\">\n<p class=\"toptext\">Nen\u00ed pro n\u00e1s probl\u00e9m jak\u00e1koliv p\u0159eprava po \u010cesk\u00e9 republice \u010di po Evropsk\u00e9 unii.<\/p>\n\n\n\n<p class=\"toptext\">Sta\u010d\u00ed se na n\u00e1s jen obr\u00e1tit s&nbsp;Va\u0161\u00edm dotazem \u010di popt\u00e1vkou. M\u016f\u017eete volat \u010di zaslat e-mail a my V\u00e1m obratem zpracujeme nab\u00eddku.<\/p>\n<\/div>\n<\/div>\n\n\n            <div id=\"product_listing\" class=\"post-2 page type-page status-publish hentry al_product responsive\">\n\t\t\t<div class=\"ic-catalog-container\"><div id=\"product_filters_bar\" class=\"product-sort-bar blue-box ic-design \"><div id=\"product_category_filter-4\" class=\"filter-widget product_category_filter\"><div class=\"product-category-filter-container ic_ajax\" data-ic_responsive_label=\"Category\" data-ic_ajax=\"product-category-filter-container\" data-ic_ajax_data=\"{&quot;instance&quot;:{&quot;title&quot;:&quot;&quot;,&quot;shortcode_support&quot;:0},&quot;args&quot;:{&quot;name&quot;:&quot;Catalog Filters Bar&quot;,&quot;id&quot;:&quot;product_sort_bar&quot;,&quot;description&quot;:&quot;Appears above the product list. Recommended widgets: Catalog Search, Catalog Price Filter, Catalog Sort and Catalog Category Filter.&quot;,&quot;class&quot;:&quot;&quot;,&quot;before_widget&quot;:&quot;&lt;div id=\\&quot;product_category_filter-4\\&quot; class=\\&quot;filter-widget product_category_filter\\&quot;&gt;&quot;,&quot;after_widget&quot;:&quot;&lt;\\\/div&gt;&quot;,&quot;before_title&quot;:&quot;&lt;h2 class=\\&quot;filter-widget-title\\&quot;&gt;&quot;,&quot;after_title&quot;:&quot;&lt;\\\/h2&gt;&quot;,&quot;before_sidebar&quot;:&quot;&quot;,&quot;after_sidebar&quot;:&quot;&quot;,&quot;show_in_rest&quot;:false,&quot;widget_id&quot;:&quot;product_category_filter-4&quot;,&quot;widget_name&quot;:&quot;Catalog Category Filter&quot;}}\"><a class=\"filter-url\" href=\"\/index.php?rest_route=%2Fwp%2Fv2%2Fpages%2F2&#038;product_category=4\" >Autobus <span class=\"ic-catalog-category-count\">(2)<\/span><\/a><a class=\"filter-url\" href=\"\/index.php?rest_route=%2Fwp%2Fv2%2Fpages%2F2&#038;product_category=3\" >Minibus <span class=\"ic-catalog-category-count\">(4)<\/span><\/a><a class=\"filter-url\" href=\"\/index.php?rest_route=%2Fwp%2Fv2%2Fpages%2F2&#038;product_category=2\" >Osobn\u00ed v\u016fz <span class=\"ic-catalog-category-count\">(2)<\/span><\/a><\/div><\/div><div class=\"clear-both\"><\/div><\/div><div class=\"product-list default  per-row-2\" >\n\n    <div class=\"al_archive product-191 modern-grid-element blue-box ic-design publish\">\n\t\t        <div class=\"pseudo\"><\/div>\n        <a href=\"https:\/\/www.limoprag.com\/?item=mercedes-tridy-v\"><img loading=\"lazy\" decoding=\"async\" width=\"600\" height=\"384\" src=\"https:\/\/www.limoprag.com\/wp-content\/uploads\/2026\/02\/vclass_v1-600x384.jpeg\" class=\"modern-grid-image\" alt=\"Mercedes T\u0159\u00eddy V Exclusive XL\" \/>            <h3 class=\"product-name blue-box ic-design\">Mercedes T\u0159\u00eddy V Exclusive XL<\/h3>\n\t\t\t        <\/a>\n\t\t    <\/div>\n\n\n\n    <div class=\"al_archive product-190 modern-grid-element blue-box ic-design publish\">\n\t\t        <div class=\"pseudo\"><\/div>\n        <a href=\"https:\/\/www.limoprag.com\/?item=mercedes-tridy-e\"><img loading=\"lazy\" decoding=\"async\" width=\"600\" height=\"384\" src=\"https:\/\/www.limoprag.com\/wp-content\/uploads\/2026\/02\/eclass_1-600x384.jpeg\" class=\"modern-grid-image\" alt=\"Mercedes T\u0159\u00eddy E\" \/>            <h3 class=\"product-name blue-box ic-design\">Mercedes T\u0159\u00eddy E<\/h3>\n\t\t\t        <\/a>\n\t\t    <\/div>\n\n\n\n    <div class=\"al_archive product-5 modern-grid-element blue-box ic-design publishwider-bg\">\n\t\t        <div class=\"pseudo\"><\/div>\n        <a href=\"https:\/\/www.limoprag.com\/?item=mercedes-s\"><img loading=\"lazy\" decoding=\"async\" width=\"600\" height=\"338\" src=\"https:\/\/www.limoprag.com\/wp-content\/uploads\/2023\/09\/classS0.jpeg\" class=\"modern-grid-image\" alt=\"Mercedes T\u0159\u00eddy S\" srcset=\"https:\/\/www.limoprag.com\/wp-content\/uploads\/2023\/09\/classS0.jpeg 600w, https:\/\/www.limoprag.com\/wp-content\/uploads\/2023\/09\/classS0-300x169.jpeg 300w, https:\/\/www.limoprag.com\/wp-content\/uploads\/2023\/09\/classS0-280x158.jpeg 280w\" sizes=\"auto, (max-width: 600px) 100vw, 600px\" \/>            <h3 class=\"product-name blue-box ic-design\">Mercedes T\u0159\u00eddy S<\/h3>\n\t\t\t        <\/a>\n\t\t    <\/div>\n\n\n\n    <div class=\"al_archive product-101 modern-grid-element blue-box ic-design publish\">\n\t\t        <div class=\"pseudo\"><\/div>\n        <a href=\"https:\/\/www.limoprag.com\/?item=mercedes-sprinter-panorama\"><img loading=\"lazy\" decoding=\"async\" width=\"533\" height=\"384\" src=\"https:\/\/www.limoprag.com\/wp-content\/uploads\/2021\/07\/panorama5-533x384.jpg\" class=\"modern-grid-image\" alt=\"Mercedes Sprinter Panorama\" \/>            <h3 class=\"product-name blue-box ic-design\">Mercedes Sprinter Panorama<\/h3>\n\t\t\t        <\/a>\n\t\t    <\/div>\n\n\n\n    <div class=\"al_archive product-92 modern-grid-element blue-box ic-design publish\">\n\t\t        <div class=\"pseudo\"><\/div>\n        <a href=\"https:\/\/www.limoprag.com\/?item=mercedes-sprinter-2\"><img loading=\"lazy\" decoding=\"async\" width=\"600\" height=\"384\" src=\"https:\/\/www.limoprag.com\/wp-content\/uploads\/2021\/07\/sprinterf1-600x384.jpg\" class=\"modern-grid-image\" alt=\"Mercedes Sprinter\" \/>            <h3 class=\"product-name blue-box ic-design\">Mercedes Sprinter<\/h3>\n\t\t\t        <\/a>\n\t\t    <\/div>\n\n\n\n    <div class=\"al_archive product-41 modern-grid-element blue-box ic-design publish\">\n\t\t        <div class=\"pseudo\"><\/div>\n        <a href=\"https:\/\/www.limoprag.com\/?item=isuzu-novo\"><img loading=\"lazy\" decoding=\"async\" width=\"448\" height=\"384\" src=\"https:\/\/www.limoprag.com\/wp-content\/uploads\/2021\/07\/isuzu1-448x384.jpg\" class=\"modern-grid-image\" alt=\"Isuzu Novo\" \/>            <h3 class=\"product-name blue-box ic-design\">Isuzu Novo<\/h3>\n\t\t\t        <\/a>\n\t\t    <\/div>\n\n\n\n    <div class=\"al_archive product-35 modern-grid-element blue-box ic-design publish\">\n\t\t        <div class=\"pseudo\"><\/div>\n        <a href=\"https:\/\/www.limoprag.com\/?item=mercedes-sprinter\"><img loading=\"lazy\" decoding=\"async\" width=\"533\" height=\"384\" src=\"https:\/\/www.limoprag.com\/wp-content\/uploads\/2021\/07\/new2-533x384.jpg\" class=\"modern-grid-image\" alt=\"Mercedes Sprinter\" \/>            <h3 class=\"product-name blue-box ic-design\">Mercedes Sprinter<\/h3>\n\t\t\t        <\/a>\n\t\t    <\/div>\n\n\n\n    <div class=\"al_archive product-196 modern-grid-element blue-box ic-design publish\">\n\t\t        <div class=\"pseudo\"><\/div>\n        <a href=\"https:\/\/www.limoprag.com\/?item=isuzu-novo-2\"><img loading=\"lazy\" decoding=\"async\" width=\"448\" height=\"384\" src=\"https:\/\/www.limoprag.com\/wp-content\/uploads\/2026\/02\/scania_1-448x384.jpeg\" class=\"modern-grid-image\" alt=\"Scania\" \/>            <h3 class=\"product-name blue-box ic-design\">Scania<\/h3>\n\t\t\t        <\/a>\n\t\t    <\/div>\n\n<\/div>    <span class=\"clear\"><\/span>\n\t<\/div>            <\/div>\n\t\t\t\n\n\n\n<p><\/p>\n","protected":false},"excerpt":{"rendered":"<p>Pohybujeme se v\u00a0oblasti p\u0159epravy osob ji\u017e od roku 2006, tyto mnohalet\u00e9 zku\u0161enosti p\u0159en\u00e1\u0161\u00edme do pr\u00e1ce, kter\u00e1 n\u00e1s bav\u00ed. Zajist\u00edme pro V\u00e1s profesion\u00e1ln\u00ed slu\u017eby se kter\u00fdmi bude spokojeni. Na\u0161i profesion\u00e1ln\u00ed \u0159idi\u010di V\u00e1s r\u00e1di odvezou v\u0161ude kam jen to bude mo\u017en\u00e9. Nen\u00ed pro n\u00e1s probl\u00e9m jak\u00e1koliv p\u0159eprava po \u010cesk\u00e9 republice \u010di po Evropsk\u00e9 unii. Sta\u010d\u00ed se na [&hellip;]<\/p>\n","protected":false},"author":1,"featured_media":0,"parent":0,"menu_order":0,"comment_status":"closed","ping_status":"closed","template":"","meta":{"footnotes":""},"class_list":["post-2","page","type-page","status-publish","hentry"],"_links":{"self":[{"href":"https:\/\/www.limoprag.com\/index.php?rest_route=\/wp\/v2\/pages\/2","targetHints":{"allow":["GET"]}}],"collection":[{"href":"https:\/\/www.limoprag.com\/index.php?rest_route=\/wp\/v2\/pages"}],"about":[{"href":"https:\/\/www.limoprag.com\/index.php?rest_route=\/wp\/v2\/types\/page"}],"author":[{"embeddable":true,"href":"https:\/\/www.limoprag.com\/index.php?rest_route=\/wp\/v2\/users\/1"}],"replies":[{"embeddable":true,"href":"https:\/\/www.limoprag.com\/index.php?rest_route=%2Fwp%2Fv2%2Fcomments&post=2"}],"version-history":[{"count":43,"href":"https:\/\/www.limoprag.com\/index.php?rest_route=\/wp\/v2\/pages\/2\/revisions"}],"predecessor-version":[{"id":185,"href":"https:\/\/www.limoprag.com\/index.php?rest_route=\/wp\/v2\/pages\/2\/revisions\/185"}],"wp:attachment":[{"href":"https:\/\/www.limoprag.com\/index.php?rest_route=%2Fwp%2Fv2%2Fmedia&parent=2"}],"curies":[{"name":"wp","href":"https:\/\/api.w.org\/{rel}","templated":true}]}}